{"id":15984,"date":"2014-05-15T12:38:07","date_gmt":"2014-05-15T12:38:07","guid":{"rendered":"http:\/\/demo.qodeinteractive.com\/bridge6\/?page_id=15984"},"modified":"2021-05-13T10:49:02","modified_gmt":"2021-05-13T08:49:02","slug":"azienda-2","status":"publish","type":"page","link":"https:\/\/www.cointecsrl.it\/cms\/azienda-2\/","title":{"rendered":"Azienda"},"content":{"rendered":"<div class=\"wpb-content-wrapper\"><p>[vc_row type=&#8221;grid&#8221; anchor=&#8221;portfolio&#8221; background_color=&#8221;#ffffff&#8221; border_color=&#8221;#efefef&#8221; padding_top=&#8221;57&#8243; padding_bottom=&#8221;0&#8243;][vc_column][vc_empty_space height=&#8221;10px&#8221;][\/vc_column][vc_column][vc_row_inner][vc_column_inner width=&#8221;1\/2&#8243;][vc_single_image image=&#8221;16561&#8243; img_size=&#8221;full&#8221;][vc_empty_space height=&#8221;40px&#8221;][\/vc_column_inner][vc_column_inner width=&#8221;1\/2&#8243;][vc_column_text]<\/p>\n<h3 style=\"text-align: left;\"><strong>CO.IN.TEC. Srl<\/strong><\/h3>\n<p>[\/vc_column_text][vc_empty_space height=&#8221;20px&#8221;][vc_column_text]Opera con successo da pi\u00f9 di 20 anni nell\u2019ambito della filtrazione, della depurazione dell\u2019aria e delle verifiche igienico sanitarie (video ispezioni, analisi, sanificazioni e bonifiche) degli impianti aeraulici. Prestiamo da sempre attenzione a due\u00a0fondamentali aspetti:[\/vc_column_text][vc_empty_space height=&#8221;70px&#8221;][\/vc_column_inner][\/vc_row_inner][\/vc_column][\/vc_row][vc_row type=&#8221;grid&#8221; anchor=&#8221;portfolio&#8221; background_color=&#8221;#f9f9f9&#8243; border_color=&#8221;#efefef&#8221; padding_top=&#8221;60&#8243; padding_bottom=&#8221;0&#8243;][vc_column][vc_column_text]<\/p>\n<h3 style=\"text-align: left;\"><strong>QUALIT\u00c0 DEL\u00a0PRODOTTO<\/strong><\/h3>\n<p>[\/vc_column_text][vc_separator type=&#8221;small&#8221; position=&#8221;left&#8221; color=&#8221;#000000&#8243; width=&#8221;155&#8243;][vc_column_text]Particolare attenzione viene posta nella scelta dei materiali impiegati e nello sviluppo dei processi produttivi.[\/vc_column_text][vc_empty_space height=&#8221;40px&#8221;][vc_column_text]<\/p>\n<h3 style=\"text-align: left;\"><strong>QUALIT\u00c0 DEL\u00a0SERVIZIO<\/strong><\/h3>\n<p>[\/vc_column_text][vc_separator type=&#8221;small&#8221; position=&#8221;left&#8221; color=&#8221;#000000&#8243; width=&#8221;155&#8243;][vc_column_text]<strong>Il cliente \u00e8 il punto focale della nostra attivit\u00e0.<\/strong>\u00a0Il servizio, l\u2019assistenza tecnica ed una competente attivit\u00e0 di consulenza devono soddisfare appieno le aspettative di una clientela necessariamente sempre pi\u00f9 esigente.[\/vc_column_text][vc_empty_space height=&#8221;40px&#8221;][vc_column_text]<\/p>\n<h3 style=\"text-align: left;\"><strong>LA\u00a0FILOSOFIA DEL <span style=\"color: #40721d;\">CUSTOMER SATISFACTION<\/span>\u00a0\u00c8 PER NOI IMPERATIVA<\/strong><\/h3>\n<p>[\/vc_column_text][vc_empty_space height=&#8221;20px&#8221;][vc_column_text]<u>CO.IN.TEC. Srl \u00e8 certificata ISO 9001:2015 per l\u2019assemblaggio e vendita di filtri per aria e per la pulizia e sanificazione di condotte aerauliche<\/u>.[\/vc_column_text][vc_empty_space height=&#8221;20px&#8221;][vc_column_text]\u2022 La gestione delle nostre procedure \u00e8 indirizzata alla soddisfazione dei nostri clienti e pone le sue basi sulla nostra <strong><a href=\"http:\/\/www.cointecsrl.it\/cms\/wp-content\/uploads\/2019\/01\/POLITICA-PER-LA-QUALITA.pdf\" target=\"_blank\" rel=\"noopener noreferrer\"><u>POLITICA PER LA QUALIT\u00c0<\/u><\/a><\/strong>[\/vc_column_text][vc_empty_space height=&#8221;20px&#8221;][vc_column_text]\u2022 Uno staff affiatato, operante in un ambiente dinamico e professionale, supportato dalla disponibilit\u00e0 a stock dei prodotti standard e dalla possibilit\u00e0 di andare incontro ad ogni esigenza del cliente con l\u2019esecuzione di prodotti fuori standard, permettono a <b>CO.IN.TEC.<\/b> <b>Srl<\/b> il pieno raggiungimento degli obbiettivi prefissati.[\/vc_column_text][vc_empty_space height=&#8221;20px&#8221;][vc_column_text]\u2022 Per chiarire a fondo le caratteristiche dei prodotti\u00a0 e dei servizi che siamo in grado di offrirvi, il nostro <b>UFFICIO COMMERCIALE<\/b> \u00e8 a disposizione per qualsiasi tipo di consulenza in merito e provveder\u00e0 a prendere contatto con la vostra azienda nel pi\u00f9 breve tempo possibile.[\/vc_column_text][\/vc_column][\/vc_row][vc_row][vc_column][vc_empty_space][\/vc_column][\/vc_row][vc_row][vc_column css=&#8221;.vc_custom_1600266934952{margin-bottom: 24px !important;}&#8221;][vc_column_text]<\/p>\n<h6 style=\"text-align: center;\"><strong>Hai bisogno di pi\u00f9 informazioni?<\/strong><\/h6>\n<h6 style=\"text-align: center;\"><strong>Per qualsiasi richiesta o preventivi:<\/strong><\/h6>\n<p>[\/vc_column_text][\/vc_column][\/vc_row][vc_row content_placement=&#8221;middle&#8221;][vc_column width=&#8221;1\/6&#8243;][\/vc_column][vc_column width=&#8221;2\/3&#8243; css=&#8221;.vc_custom_1600267366955{background-color: #ededed !important;}&#8221;][vc_column_text]<\/p>\n<div class=\"wpb_text_column wpb_content_element \">\n<div class=\"wpb_wrapper\">\n<div class=\"wpb_text_column wpb_content_element \">\n<div class=\"wpb_wrapper\">\n<h6 style=\"text-align: center;\"><strong>Chiama il\u00a0<span style=\"text-decoration: underline;\">039 6902682<\/span><\/strong><\/h6>\n<\/div>\n<\/div>\n<\/div>\n<\/div>\n<p>[\/vc_column_text][vc_empty_space][\/vc_column][vc_column width=&#8221;1\/6&#8243;][\/vc_column][\/vc_row][vc_row][vc_column width=&#8221;1\/6&#8243;][\/vc_column][vc_column width=&#8221;2\/3&#8243; css=&#8221;.vc_custom_1600266132194{margin-right: 30px !important;}&#8221;][vc_empty_space][vc_column_text]<\/p>\n<h2><strong>Oppure inviaci un messaggio:<\/strong><\/h2>\n<p>[\/vc_column_text]\n<div class=\"wpcf7 no-js\" id=\"wpcf7-f17758-o1\" lang=\"it-IT\" dir=\"ltr\" data-wpcf7-id=\"17758\">\n<div class=\"screen-reader-response\"><p role=\"status\" aria-live=\"polite\" aria-atomic=\"true\"><\/p> <ul><\/ul><\/div>\n<form action=\"\/cms\/wp-json\/wp\/v2\/pages\/15984#wpcf7-f17758-o1\" method=\"post\" class=\"wpcf7-form init\" aria-label=\"Modulo di contatto\" novalidate=\"novalidate\" data-status=\"init\">\n<fieldset class=\"hidden-fields-container\"><input type=\"hidden\" name=\"_wpcf7\" value=\"17758\" \/><input type=\"hidden\" name=\"_wpcf7_version\" value=\"6.1.5\" \/><input type=\"hidden\" name=\"_wpcf7_locale\" value=\"it_IT\" \/><input type=\"hidden\" name=\"_wpcf7_unit_tag\" value=\"wpcf7-f17758-o1\" \/><input type=\"hidden\" name=\"_wpcf7_container_post\" value=\"0\" \/><input type=\"hidden\" name=\"_wpcf7_posted_data_hash\" value=\"\" \/>\n<\/fieldset>\n<p class=\"half-contact half-contact-left\"><span class=\"wpcf7-form-control-wrap\" data-name=\"your-name\"><input size=\"40\" maxlength=\"400\" class=\"wpcf7-form-control wpcf7-text wpcf7-validates-as-required\" aria-required=\"true\" aria-invalid=\"false\" placeholder=\"Nome\" value=\"\" type=\"text\" name=\"your-name\" \/><\/span>\n<\/p>\n<p class=\"half-contact half-contact-right\"><span class=\"wpcf7-form-control-wrap\" data-name=\"your-surname\"><input size=\"40\" maxlength=\"400\" class=\"wpcf7-form-control wpcf7-text wpcf7-validates-as-required\" aria-required=\"true\" aria-invalid=\"false\" placeholder=\"Cognome\" value=\"\" type=\"text\" name=\"your-surname\" \/><\/span>\n<\/p>\n<p><span class=\"wpcf7-form-control-wrap\" data-name=\"your-email\"><input size=\"40\" maxlength=\"400\" class=\"wpcf7-form-control wpcf7-email wpcf7-validates-as-required wpcf7-text wpcf7-validates-as-email\" aria-required=\"true\" aria-invalid=\"false\" placeholder=\"Email\" value=\"\" type=\"email\" name=\"your-email\" \/><\/span>\n<\/p>\n<p><span class=\"wpcf7-form-control-wrap\" data-name=\"your-message\"><textarea cols=\"40\" rows=\"10\" maxlength=\"2000\" class=\"wpcf7-form-control wpcf7-textarea wpcf7-validates-as-required\" aria-required=\"true\" aria-invalid=\"false\" placeholder=\"Il tuo messaggio...\" name=\"your-message\"><\/textarea><\/span>\n<\/p>\n<p><span class=\"wpcf7-form-control-wrap\" data-name=\"privacy\"><span class=\"wpcf7-form-control wpcf7-acceptance\"><span class=\"wpcf7-list-item\"><label><input type=\"checkbox\" name=\"privacy\" value=\"1\" aria-invalid=\"false\" \/><span class=\"wpcf7-list-item-label\"><span style=\"color: #333333;\">Ho letto l'<a style=\"color: #333333;\" href=\"https:\/\/www.cointecsrl.it\/cms\/privacy-policy\" target=\"_blank\" rel=\"noopener\">informativa sulla privacy<\/a>\u00a0e acconsento alla memorizzazione dei miei dati, secondo quanto stabilito dal regolamento europeo per la protezione dei dati personali n. 679\/2016 (GDPR).<\/span><\/span><\/label><\/span><\/span><\/span>\n<\/p>\n<div align=\"center\">\n\t<p><input class=\"wpcf7-form-control wpcf7-submit has-spinner\" type=\"submit\" value=\"Richiedi una consulenza gratuita\" \/>\n\t<\/p>\n<\/div>\n<span class=\"wpcf7-form-control-wrap recaptcha\" data-name=\"recaptcha\"><span class=\"wpcf7-form-control wpcf7-recaptcha g-recaptcha\"><\/span><\/span><div class=\"wpcf7-response-output\" aria-hidden=\"true\"><\/div>\n<\/form>\n<\/div>\n[\/vc_column][vc_column width=&#8221;1\/6&#8243;][\/vc_column][\/vc_row][vc_row][vc_column][vc_empty_space height=&#8221;70px&#8221;][\/vc_column][\/vc_row]<\/p>\n<\/div>","protected":false},"excerpt":{"rendered":"<p>[vc_row type=&#8221;grid&#8221; anchor=&#8221;portfolio&#8221; background_color=&#8221;#ffffff&#8221; border_color=&#8221;#efefef&#8221; padding_top=&#8221;57&#8243; padding_bottom=&#8221;0&#8243;][vc_column][vc_empty_space height=&#8221;10px&#8221;][\/vc_column][vc_column][vc_row_inner][vc_column_inner width=&#8221;1\/2&#8243;][vc_single_image image=&#8221;16561&#8243; img_size=&#8221;full&#8221;][vc_empty_space height=&#8221;40px&#8221;][\/vc_column_inner][vc_column_inner width=&#8221;1\/2&#8243;][vc_column_text] CO.IN.TEC. Srl [\/vc_column_text][vc_empty_space height=&#8221;20px&#8221;][vc_column_text]Opera con successo da pi\u00f9 di 20 anni nell\u2019ambito della filtrazione, della depurazione dell\u2019aria e delle verifiche igienico sanitarie (video ispezioni, analisi, sanificazioni e bonifiche) degli impianti aeraulici. Prestiamo&#8230;<\/p>\n","protected":false},"author":1,"featured_media":0,"parent":0,"menu_order":28,"comment_status":"open","ping_status":"open","template":"full_width.php","meta":{"footnotes":""},"class_list":["post-15984","page","type-page","status-publish","hentry"],"yoast_head":"<!-- This site is optimized with the Yoast SEO plugin v27.1.1 - https:\/\/yoast.com\/product\/yoast-seo-wordpress\/ -->\n<title>Cointec Srl - Azienda<\/title>\n<meta name=\"description\" content=\"Operiamo nell\u2019ambito della filtrazione, della depurazione dell\u2019aria e delle verifiche igienico sanitarie degli impianti aeraulici.\" \/>\n<meta name=\"robots\" content=\"index, follow, max-snippet:-1, max-image-preview:large, max-video-preview:-1\" \/>\n<link rel=\"canonical\" href=\"https:\/\/www.cointecsrl.it\/cms\/azienda-2\/\" \/>\n<meta property=\"og:locale\" content=\"it_IT\" \/>\n<meta property=\"og:type\" content=\"article\" \/>\n<meta property=\"og:title\" content=\"Cointec Srl - Azienda\" \/>\n<meta property=\"og:description\" content=\"Operiamo nell\u2019ambito della filtrazione, della depurazione dell\u2019aria e delle verifiche igienico sanitarie degli impianti aeraulici.\" \/>\n<meta property=\"og:url\" content=\"https:\/\/www.cointecsrl.it\/cms\/azienda-2\/\" \/>\n<meta property=\"og:site_name\" content=\"Cointec Srl\" \/>\n<meta property=\"article:modified_time\" content=\"2021-05-13T08:49:02+00:00\" \/>\n<meta name=\"twitter:card\" content=\"summary_large_image\" \/>\n<meta name=\"twitter:label1\" content=\"Tempo di lettura stimato\" \/>\n\t<meta name=\"twitter:data1\" content=\"3 minuti\" \/>\n<script type=\"application\/ld+json\" class=\"yoast-schema-graph\">{\"@context\":\"https:\/\/schema.org\",\"@graph\":[{\"@type\":\"WebPage\",\"@id\":\"https:\/\/www.cointecsrl.it\/cms\/azienda-2\/\",\"url\":\"https:\/\/www.cointecsrl.it\/cms\/azienda-2\/\",\"name\":\"Cointec Srl - Azienda\",\"isPartOf\":{\"@id\":\"https:\/\/www.cointecsrl.it\/cms\/#website\"},\"datePublished\":\"2014-05-15T12:38:07+00:00\",\"dateModified\":\"2021-05-13T08:49:02+00:00\",\"description\":\"Operiamo nell\u2019ambito della filtrazione, della depurazione dell\u2019aria e delle verifiche igienico sanitarie degli impianti aeraulici.\",\"breadcrumb\":{\"@id\":\"https:\/\/www.cointecsrl.it\/cms\/azienda-2\/#breadcrumb\"},\"inLanguage\":\"it-IT\",\"potentialAction\":[{\"@type\":\"ReadAction\",\"target\":[\"https:\/\/www.cointecsrl.it\/cms\/azienda-2\/\"]}]},{\"@type\":\"BreadcrumbList\",\"@id\":\"https:\/\/www.cointecsrl.it\/cms\/azienda-2\/#breadcrumb\",\"itemListElement\":[{\"@type\":\"ListItem\",\"position\":1,\"name\":\"Home\",\"item\":\"https:\/\/www.cointecsrl.it\/cms\/\"},{\"@type\":\"ListItem\",\"position\":2,\"name\":\"Azienda\"}]},{\"@type\":\"WebSite\",\"@id\":\"https:\/\/www.cointecsrl.it\/cms\/#website\",\"url\":\"https:\/\/www.cointecsrl.it\/cms\/\",\"name\":\"Cointec Srl\",\"description\":\"Filtrazione e depurazione dell&#039;aria\",\"potentialAction\":[{\"@type\":\"SearchAction\",\"target\":{\"@type\":\"EntryPoint\",\"urlTemplate\":\"https:\/\/www.cointecsrl.it\/cms\/?s={search_term_string}\"},\"query-input\":{\"@type\":\"PropertyValueSpecification\",\"valueRequired\":true,\"valueName\":\"search_term_string\"}}],\"inLanguage\":\"it-IT\"}]}<\/script>\n<!-- \/ Yoast SEO plugin. -->","yoast_head_json":{"title":"Cointec Srl - Azienda","description":"Operiamo nell\u2019ambito della filtrazione, della depurazione dell\u2019aria e delle verifiche igienico sanitarie degli impianti aeraulici.","robots":{"index":"index","follow":"follow","max-snippet":"max-snippet:-1","max-image-preview":"max-image-preview:large","max-video-preview":"max-video-preview:-1"},"canonical":"https:\/\/www.cointecsrl.it\/cms\/azienda-2\/","og_locale":"it_IT","og_type":"article","og_title":"Cointec Srl - Azienda","og_description":"Operiamo nell\u2019ambito della filtrazione, della depurazione dell\u2019aria e delle verifiche igienico sanitarie degli impianti aeraulici.","og_url":"https:\/\/www.cointecsrl.it\/cms\/azienda-2\/","og_site_name":"Cointec Srl","article_modified_time":"2021-05-13T08:49:02+00:00","twitter_card":"summary_large_image","twitter_misc":{"Tempo di lettura stimato":"3 minuti"},"schema":{"@context":"https:\/\/schema.org","@graph":[{"@type":"WebPage","@id":"https:\/\/www.cointecsrl.it\/cms\/azienda-2\/","url":"https:\/\/www.cointecsrl.it\/cms\/azienda-2\/","name":"Cointec Srl - Azienda","isPartOf":{"@id":"https:\/\/www.cointecsrl.it\/cms\/#website"},"datePublished":"2014-05-15T12:38:07+00:00","dateModified":"2021-05-13T08:49:02+00:00","description":"Operiamo nell\u2019ambito della filtrazione, della depurazione dell\u2019aria e delle verifiche igienico sanitarie degli impianti aeraulici.","breadcrumb":{"@id":"https:\/\/www.cointecsrl.it\/cms\/azienda-2\/#breadcrumb"},"inLanguage":"it-IT","potentialAction":[{"@type":"ReadAction","target":["https:\/\/www.cointecsrl.it\/cms\/azienda-2\/"]}]},{"@type":"BreadcrumbList","@id":"https:\/\/www.cointecsrl.it\/cms\/azienda-2\/#breadcrumb","itemListElement":[{"@type":"ListItem","position":1,"name":"Home","item":"https:\/\/www.cointecsrl.it\/cms\/"},{"@type":"ListItem","position":2,"name":"Azienda"}]},{"@type":"WebSite","@id":"https:\/\/www.cointecsrl.it\/cms\/#website","url":"https:\/\/www.cointecsrl.it\/cms\/","name":"Cointec Srl","description":"Filtrazione e depurazione dell&#039;aria","potentialAction":[{"@type":"SearchAction","target":{"@type":"EntryPoint","urlTemplate":"https:\/\/www.cointecsrl.it\/cms\/?s={search_term_string}"},"query-input":{"@type":"PropertyValueSpecification","valueRequired":true,"valueName":"search_term_string"}}],"inLanguage":"it-IT"}]}},"_links":{"self":[{"href":"https:\/\/www.cointecsrl.it\/cms\/wp-json\/wp\/v2\/pages\/15984","targetHints":{"allow":["GET"]}}],"collection":[{"href":"https:\/\/www.cointecsrl.it\/cms\/wp-json\/wp\/v2\/pages"}],"about":[{"href":"https:\/\/www.cointecsrl.it\/cms\/wp-json\/wp\/v2\/types\/page"}],"author":[{"embeddable":true,"href":"https:\/\/www.cointecsrl.it\/cms\/wp-json\/wp\/v2\/users\/1"}],"replies":[{"embeddable":true,"href":"https:\/\/www.cointecsrl.it\/cms\/wp-json\/wp\/v2\/comments?post=15984"}],"version-history":[{"count":59,"href":"https:\/\/www.cointecsrl.it\/cms\/wp-json\/wp\/v2\/pages\/15984\/revisions"}],"predecessor-version":[{"id":18048,"href":"https:\/\/www.cointecsrl.it\/cms\/wp-json\/wp\/v2\/pages\/15984\/revisions\/18048"}],"wp:attachment":[{"href":"https:\/\/www.cointecsrl.it\/cms\/wp-json\/wp\/v2\/media?parent=15984"}],"curies":[{"name":"wp","href":"https:\/\/api.w.org\/{rel}","templated":true}]}}