{"id":16510,"date":"2016-05-26T15:04:55","date_gmt":"2016-05-26T13:04:55","guid":{"rendered":"http:\/\/www.cointecsrl.it\/cms\/?page_id=16510"},"modified":"2020-09-18T16:26:08","modified_gmt":"2020-09-18T14:26:08","slug":"servizi","status":"publish","type":"page","link":"https:\/\/www.cointecsrl.it\/cms\/servizi\/","title":{"rendered":"SANIFICAZIONE CON OZONO"},"content":{"rendered":"<div class=\"wpb-content-wrapper\"><p>[vc_row][vc_column][vc_column_text]<b>Che cos\u2019\u00e8 l\u2019Ozono?<\/b><\/p>\n<p>E\u2019 un gas composto da tre atomi di ossigeno(O3). Non pu\u00f2 essere conservato ma deve essere prodotto al momento dell\u2019uso. E\u2019 un energico ossidante ed \u00e8 un gas essenziale per la vita sulla terra. E\u2019 inoltre il disinfettante naturale pi\u00f9 efficace e rapido, assolutamente ecologico per via della sua capacit\u00e0 a riconvertirsi in ossigeno. Non si accumula, non lascia residui, ed \u00e8 rispettoso dell\u2019ambiente.[\/vc_column_text][vc_empty_space height=&#8221;40px&#8221;][\/vc_column][\/vc_row][vc_row][vc_column width=&#8221;1\/4&#8243;][vc_column_text]<span style=\"color: #65b730;\"><b>Ecologico e naturale<\/b><\/span><\/p>\n<p>L\u2019Ozono ha un ciclo di vita breve, si riconverte in Ossigeno senza lasciare alcun residuo chimico nell\u2019ambiente.[\/vc_column_text][vc_empty_space height=&#8221;20px&#8221;][\/vc_column][vc_column width=&#8221;1\/4&#8243;][vc_column_text]<span style=\"color: #65b730;\"><b>Efficace<\/b><\/span><\/p>\n<p>Garantisce la massima efficienza in qualsiasi condizione ambientale, anche in presenza di umidit\u00e0.[\/vc_column_text][vc_empty_space height=&#8221;20px&#8221;][\/vc_column][vc_column width=&#8221;1\/4&#8243;][vc_column_text]<span style=\"color: #65b730;\"><b>Veloce<\/b><\/span><\/p>\n<p>Genera quantit\u00e0 importanti di Ozono in un tempo ridotto, risultando molto pi\u00f9 rapido di altri sistemi di sanificazione.[\/vc_column_text][vc_empty_space height=&#8221;20px&#8221;][\/vc_column][vc_column width=&#8221;1\/4&#8243;][vc_single_image image=&#8221;16740&#8243; img_size=&#8221;large&#8221; alignment=&#8221;center&#8221;][\/vc_column][\/vc_row][vc_row][vc_column][vc_empty_space height=&#8221;50px&#8221;][\/vc_column][\/vc_row][vc_row][vc_column width=&#8221;1\/4&#8243;][vc_column_text]<span style=\"color: #65b730;\"><b>Disinfestante<\/b><\/span><\/p>\n<p>Disinfetta l\u2019aria, le superfici e i tessuti, penetrando in profondit\u00e0 e distruggendo chimicamente virus, batteri, spore\u00a0e\u00a0muffe.[\/vc_column_text][vc_empty_space height=&#8221;20px&#8221;][\/vc_column][vc_column width=&#8221;1\/4&#8243;][vc_column_text]<span style=\"color: #65b730;\"><b>Conveniente<\/b><\/span><\/p>\n<p>Consente di ridurre notevolmente i costi per prodotti deodoranti e disinfettanti e non richiede alcun magazzino.[\/vc_column_text][vc_empty_space height=&#8221;20px&#8221;][\/vc_column][vc_column width=&#8221;1\/4&#8243;][vc_column_text]<span style=\"color: #65b730;\"><b>Sicuro<\/b><\/span><\/p>\n<p>L\u2019Ozono \u00e8 approvato dal Ministero della sanit\u00e0 come presidio naturale per la sterilizzazione degli ambienti.[\/vc_column_text][vc_empty_space height=&#8221;20px&#8221;][\/vc_column][vc_column width=&#8221;1\/4&#8243;][vc_single_image image=&#8221;16741&#8243; img_size=&#8221;large&#8221; alignment=&#8221;center&#8221;][\/vc_column][\/vc_row][vc_row][vc_column][vc_empty_space height=&#8221;70px&#8221;][\/vc_column][\/vc_row][vc_row][vc_column][vc_column_text]<\/p>\n<h3 style=\"text-align: left;\"><strong>COME FUNZIONA IL GENERATORE DI OZONO<br \/>\n<\/strong><\/h3>\n<p>[\/vc_column_text][vc_separator type=&#8221;small&#8221; position=&#8221;left&#8221; color=&#8221;#000000&#8243; width=&#8221;155&#8243;][vc_column_text]Il dispositivo genera ozono sottoponendo l\u2019ossigeno a scariche elettriche controllate. La molecola di ossigeno O2 si dissocia combinandosi con un\u2019altra molecola in forma triatomica O3.\u00a0Il dispositivo\u00a0 raccoglie aria, la sottomette\u00a0 a una scarica elettrica e la convoglia all\u2019uscita.\u00a0L\u2019ozono viene erogato in modo automatico e programmabile.[\/vc_column_text][vc_empty_space height=&#8221;50px&#8221;][vc_column_text]<b>Come agisce l\u2019Ozono?<\/b><\/p>\n<p>L\u2019Ozono \u00e8 uno degli ossidanti pi\u00f9 vigorosi in natura, una molecola di ozono si lega rapidamente ad ogni componente con cui entra in contatto.\u00a0Questo permette il trattamento per ossidazione delle sostanze organiche ed inorganiche cos\u00ec come i microrganismi, virus, batteri, muffe, spore e funghi. Viene utilizzato anche per l\u2019eliminazione degli odori come tabacco, vernice, fuliggine (incendi), rifiuti, escrementi etc..\u00a0L\u2019instabilit\u00e0 dell\u2019Ozono e la sua propensione a ritornare alla forma originale di ossigeno, riduce l\u2019impatto ambientale a zero.\u00a0Anche per questo \u00e8 riconosciuto dal Ministero della Sanit\u00e0 come presidio naturale per la decontaminazione da microrganismi.[\/vc_column_text][vc_empty_space height=&#8221;50px&#8221;][vc_column_text]<b>Quanto \u00e8 sicuro l\u2019Ozono?<\/b><\/p>\n<p>L\u2019Ozono \u00e8 sicuro e rispettoso dell\u2019ambiente. Non \u00e8 combustibile, n\u00e9 cancerogeno, n\u00e9 irritante per la pelle. Non danneggia mobili, pareti o tessuti e non lascia residui. L\u2019ozono non danneggia i cibi ed \u00e8 approvato dal Ministero della Sanit\u00e0 come conservante alimentare. L\u2019ozono \u00e8 nocivo per qualsiasi specie di microorganismo: proprio per questo risulta essere cos\u00ec efficace nei confronti di batteri, virus e muffe.\u00a0La sua sicurezza \u00e8 certificata dal Ministero della Sanit\u00e0:<\/p>\n<ul>\n<li>Come conservante alimentare per la sua capacit\u00e0 di uccidere batteri e muffe;<\/li>\n<li>Come Presidio Naturale per la Sterilizzazione di Ambienti (prot. n.24482 del 07.1996).<\/li>\n<\/ul>\n<p>[\/vc_column_text][vc_empty_space height=&#8221;70px&#8221;][\/vc_column][\/vc_row][vc_row css=&#8221;.vc_custom_1464697780504{margin-right: 1px !important;margin-left: 1px !important;padding-top: 10px !important;padding-right: 10px !important;padding-bottom: 10px !important;padding-left: 10px !important;background-color: #65b730 !important;}&#8221;][vc_column css=&#8221;.vc_custom_1464627217107{margin-right: 5px !important;margin-left: 5px !important;}&#8221;][vc_column_text]<\/p>\n<p style=\"text-align: center;\"><span style=\"color: #ffffff;\"><b>IL RISULTATO E\u2019 UNA RADICALE DISINFEZIONE A IMPATTO AMBIENTALE ZERO<\/b><\/span><\/p>\n<p>[\/vc_column_text][\/vc_column][\/vc_row][vc_row][vc_column][vc_empty_space height=&#8221;70px&#8221;][\/vc_column][\/vc_row][vc_row][vc_column][vc_column_text]<\/p>\n<p style=\"text-align: center;\"><span style=\"color: #65b730;\"><strong>AMBITI DI APPLICAZIONE<\/strong><\/span><\/p>\n<p>[\/vc_column_text][vc_empty_space height=&#8221;50px&#8221;][\/vc_column][\/vc_row][vc_row][vc_column width=&#8221;1\/3&#8243;][vc_column_text]<\/p>\n<p style=\"text-align: center;\">Hotels &#8211; B&amp;B<\/p>\n<p style=\"text-align: center;\">Case di cura<\/p>\n<p style=\"text-align: center;\">Ristoranti &#8211; Bar<\/p>\n<p style=\"text-align: center;\">Uffici<\/p>\n<p style=\"text-align: center;\">Locali rifiuti<\/p>\n<p>[\/vc_column_text][\/vc_column][vc_column width=&#8221;1\/3&#8243;][vc_column_text]<\/p>\n<p style=\"text-align: center;\">Centri benessere<\/p>\n<p style=\"text-align: center;\">Ospedali<\/p>\n<p style=\"text-align: center;\">Sale Operatorie<\/p>\n<p style=\"text-align: center;\">Ambulatori Medici<\/p>\n<p style=\"text-align: center;\">Palestre<\/p>\n<p>[\/vc_column_text][\/vc_column][vc_column width=&#8221;1\/3&#8243;][vc_column_text]<\/p>\n<p style=\"text-align: center;\">Centri estetici<\/p>\n<p style=\"text-align: center;\">Sale di attesa<\/p>\n<p style=\"text-align: center;\">Imprese di pulizia<\/p>\n<p style=\"text-align: center;\">Toilette<\/p>\n<p style=\"text-align: center;\">Mezzi di trasporto<\/p>\n<p>[\/vc_column_text][\/vc_column][\/vc_row][vc_row][vc_column][vc_empty_space height=&#8221;70px&#8221;][vc_column_text]<b>TRATTAMENTO AMBIENTI E TEMPO DI AZIONE:<\/b><\/p>\n<p>Ci sono diversi modelli a disposizione nelle varianti fisse o mobili.\u00a0Le soluzioni sono personalizzabili in base alle esigenze e al volume d\u2019aria da trattare.\u00a0Il tempo di azione \u00e8 variabile in base aI risultato che si vuole ottenere.\u00a0Possiamo infatti identificare i tre obbiettivi raggiungibili:<\/p>\n<ul>\n<li>Deodorizzazione;<\/li>\n<li>Santificazione;<\/li>\n<li>Disinfezione.<\/li>\n<\/ul>\n<p>Il tempo di applicazione varier\u00e0 quindi a seconda della necessit\u00e0.[\/vc_column_text][vc_empty_space height=&#8221;50px&#8221;][vc_column_text]<b>PRESCRIZIONI:<\/b><\/p>\n<p>Il trattamento non pu\u00f2 realizzarsi in presenza di persone e\/o animali.\u00a0Dopo il trattamento si dovr\u00e0 ventilare gli ambienti o in alternativa inibire l\u2019ingresso alle persone per una durata pari ad almeno il doppio del tempo di azione.[\/vc_column_text][\/vc_column][\/vc_row][vc_row][vc_column][vc_empty_space][\/vc_column][\/vc_row][vc_row][vc_column css=&#8221;.vc_custom_1600266934952{margin-bottom: 24px !important;}&#8221;][vc_column_text]<\/p>\n<h6 style=\"text-align: center;\"><strong>Hai bisogno di pi\u00f9 informazioni?<\/strong><\/h6>\n<h6 style=\"text-align: center;\"><strong>Per qualsiasi richiesta o preventivi:<\/strong><\/h6>\n<p>[\/vc_column_text][\/vc_column][\/vc_row][vc_row content_placement=&#8221;middle&#8221;][vc_column width=&#8221;1\/6&#8243;][\/vc_column][vc_column width=&#8221;2\/3&#8243; css=&#8221;.vc_custom_1600267366955{background-color: #ededed !important;}&#8221;][vc_column_text]<\/p>\n<div class=\"wpb_text_column wpb_content_element \">\n<div class=\"wpb_wrapper\">\n<div class=\"wpb_text_column wpb_content_element \">\n<div class=\"wpb_wrapper\">\n<h6 style=\"text-align: center;\"><strong>Chiama il\u00a0<span style=\"text-decoration: underline;\">039 6902682<\/span><\/strong><\/h6>\n<\/div>\n<\/div>\n<\/div>\n<\/div>\n<p>[\/vc_column_text][vc_empty_space][\/vc_column][vc_column width=&#8221;1\/6&#8243;][\/vc_column][\/vc_row][vc_row][vc_column width=&#8221;1\/6&#8243;][\/vc_column][vc_column width=&#8221;2\/3&#8243; css=&#8221;.vc_custom_1600266132194{margin-right: 30px !important;}&#8221;][vc_empty_space][vc_column_text]<\/p>\n<h2><strong>Oppure inviaci un messaggio:<\/strong><\/h2>\n<p>[\/vc_column_text]\n<div class=\"wpcf7 no-js\" id=\"wpcf7-f17758-o1\" lang=\"it-IT\" dir=\"ltr\" data-wpcf7-id=\"17758\">\n<div class=\"screen-reader-response\"><p role=\"status\" aria-live=\"polite\" aria-atomic=\"true\"><\/p> <ul><\/ul><\/div>\n<form action=\"\/cms\/wp-json\/wp\/v2\/pages\/16510#wpcf7-f17758-o1\" method=\"post\" class=\"wpcf7-form init\" aria-label=\"Modulo di contatto\" novalidate=\"novalidate\" data-status=\"init\">\n<fieldset class=\"hidden-fields-container\"><input type=\"hidden\" name=\"_wpcf7\" value=\"17758\" \/><input type=\"hidden\" name=\"_wpcf7_version\" value=\"6.1.5\" \/><input type=\"hidden\" name=\"_wpcf7_locale\" value=\"it_IT\" \/><input type=\"hidden\" name=\"_wpcf7_unit_tag\" value=\"wpcf7-f17758-o1\" \/><input type=\"hidden\" name=\"_wpcf7_container_post\" value=\"0\" \/><input type=\"hidden\" name=\"_wpcf7_posted_data_hash\" value=\"\" \/>\n<\/fieldset>\n<p class=\"half-contact half-contact-left\"><span class=\"wpcf7-form-control-wrap\" data-name=\"your-name\"><input size=\"40\" maxlength=\"400\" class=\"wpcf7-form-control wpcf7-text wpcf7-validates-as-required\" aria-required=\"true\" aria-invalid=\"false\" placeholder=\"Nome\" value=\"\" type=\"text\" name=\"your-name\" \/><\/span>\n<\/p>\n<p class=\"half-contact half-contact-right\"><span class=\"wpcf7-form-control-wrap\" data-name=\"your-surname\"><input size=\"40\" maxlength=\"400\" class=\"wpcf7-form-control wpcf7-text wpcf7-validates-as-required\" aria-required=\"true\" aria-invalid=\"false\" placeholder=\"Cognome\" value=\"\" type=\"text\" name=\"your-surname\" \/><\/span>\n<\/p>\n<p><span class=\"wpcf7-form-control-wrap\" data-name=\"your-email\"><input size=\"40\" maxlength=\"400\" class=\"wpcf7-form-control wpcf7-email wpcf7-validates-as-required wpcf7-text wpcf7-validates-as-email\" aria-required=\"true\" aria-invalid=\"false\" placeholder=\"Email\" value=\"\" type=\"email\" name=\"your-email\" \/><\/span>\n<\/p>\n<p><span class=\"wpcf7-form-control-wrap\" data-name=\"your-message\"><textarea cols=\"40\" rows=\"10\" maxlength=\"2000\" class=\"wpcf7-form-control wpcf7-textarea wpcf7-validates-as-required\" aria-required=\"true\" aria-invalid=\"false\" placeholder=\"Il tuo messaggio...\" name=\"your-message\"><\/textarea><\/span>\n<\/p>\n<p><span class=\"wpcf7-form-control-wrap\" data-name=\"privacy\"><span class=\"wpcf7-form-control wpcf7-acceptance\"><span class=\"wpcf7-list-item\"><label><input type=\"checkbox\" name=\"privacy\" value=\"1\" aria-invalid=\"false\" \/><span class=\"wpcf7-list-item-label\"><span style=\"color: #333333;\">Ho letto l'<a style=\"color: #333333;\" href=\"https:\/\/www.cointecsrl.it\/cms\/privacy-policy\" target=\"_blank\" rel=\"noopener\">informativa sulla privacy<\/a>\u00a0e acconsento alla memorizzazione dei miei dati, secondo quanto stabilito dal regolamento europeo per la protezione dei dati personali n. 679\/2016 (GDPR).<\/span><\/span><\/label><\/span><\/span><\/span>\n<\/p>\n<div align=\"center\">\n\t<p><input class=\"wpcf7-form-control wpcf7-submit has-spinner\" type=\"submit\" value=\"Richiedi una consulenza gratuita\" \/>\n\t<\/p>\n<\/div>\n<span class=\"wpcf7-form-control-wrap recaptcha\" data-name=\"recaptcha\"><span class=\"wpcf7-form-control wpcf7-recaptcha g-recaptcha\"><\/span><\/span><div class=\"wpcf7-response-output\" aria-hidden=\"true\"><\/div>\n<\/form>\n<\/div>\n[\/vc_column][vc_column width=&#8221;1\/6&#8243;][\/vc_column][\/vc_row][vc_row][vc_column][vc_empty_space height=&#8221;70px&#8221;][\/vc_column][\/vc_row]<\/p>\n<\/div>","protected":false},"excerpt":{"rendered":"<p>[vc_row][vc_column][vc_column_text]Che cos\u2019\u00e8 l\u2019Ozono? E\u2019 un gas composto da tre atomi di ossigeno(O3). Non pu\u00f2 essere conservato ma deve essere prodotto al momento dell\u2019uso. E\u2019 un energico ossidante ed \u00e8 un gas essenziale per la vita sulla terra. E\u2019 inoltre il disinfettante naturale pi\u00f9 efficace e&#8230;<\/p>\n","protected":false},"author":1,"featured_media":0,"parent":0,"menu_order":25,"comment_status":"closed","ping_status":"closed","template":"","meta":{"footnotes":""},"class_list":["post-16510","page","type-page","status-publish","hentry"],"yoast_head":"<!-- This site is optimized with the Yoast SEO plugin v27.1.1 - https:\/\/yoast.com\/product\/yoast-seo-wordpress\/ -->\n<title>SANIFICAZIONE CON OZONO - Cointec Srl<\/title>\n<meta name=\"robots\" content=\"index, follow, max-snippet:-1, max-image-preview:large, max-video-preview:-1\" \/>\n<link rel=\"canonical\" href=\"https:\/\/www.cointecsrl.it\/cms\/servizi\/\" \/>\n<meta property=\"og:locale\" content=\"it_IT\" \/>\n<meta property=\"og:type\" content=\"article\" \/>\n<meta property=\"og:title\" content=\"SANIFICAZIONE CON OZONO - Cointec Srl\" \/>\n<meta property=\"og:description\" content=\"[vc_row][vc_column][vc_column_text]Che cos\u2019\u00e8 l\u2019Ozono? E\u2019 un gas composto da tre atomi di ossigeno(O3). Non pu\u00f2 essere conservato ma deve essere prodotto al momento dell\u2019uso. E\u2019 un energico ossidante ed \u00e8 un gas essenziale per la vita sulla terra. E\u2019 inoltre il disinfettante naturale pi\u00f9 efficace e...\" \/>\n<meta property=\"og:url\" content=\"https:\/\/www.cointecsrl.it\/cms\/servizi\/\" \/>\n<meta property=\"og:site_name\" content=\"Cointec Srl\" \/>\n<meta property=\"article:modified_time\" content=\"2020-09-18T14:26:08+00:00\" \/>\n<meta name=\"twitter:card\" content=\"summary_large_image\" \/>\n<meta name=\"twitter:label1\" content=\"Tempo di lettura stimato\" \/>\n\t<meta name=\"twitter:data1\" content=\"5 minuti\" \/>\n<script type=\"application\/ld+json\" class=\"yoast-schema-graph\">{\"@context\":\"https:\/\/schema.org\",\"@graph\":[{\"@type\":\"WebPage\",\"@id\":\"https:\/\/www.cointecsrl.it\/cms\/servizi\/\",\"url\":\"https:\/\/www.cointecsrl.it\/cms\/servizi\/\",\"name\":\"SANIFICAZIONE CON OZONO - Cointec Srl\",\"isPartOf\":{\"@id\":\"https:\/\/www.cointecsrl.it\/cms\/#website\"},\"datePublished\":\"2016-05-26T13:04:55+00:00\",\"dateModified\":\"2020-09-18T14:26:08+00:00\",\"breadcrumb\":{\"@id\":\"https:\/\/www.cointecsrl.it\/cms\/servizi\/#breadcrumb\"},\"inLanguage\":\"it-IT\",\"potentialAction\":[{\"@type\":\"ReadAction\",\"target\":[\"https:\/\/www.cointecsrl.it\/cms\/servizi\/\"]}]},{\"@type\":\"BreadcrumbList\",\"@id\":\"https:\/\/www.cointecsrl.it\/cms\/servizi\/#breadcrumb\",\"itemListElement\":[{\"@type\":\"ListItem\",\"position\":1,\"name\":\"Home\",\"item\":\"https:\/\/www.cointecsrl.it\/cms\/\"},{\"@type\":\"ListItem\",\"position\":2,\"name\":\"SANIFICAZIONE CON OZONO\"}]},{\"@type\":\"WebSite\",\"@id\":\"https:\/\/www.cointecsrl.it\/cms\/#website\",\"url\":\"https:\/\/www.cointecsrl.it\/cms\/\",\"name\":\"Cointec Srl\",\"description\":\"Filtrazione e depurazione dell&#039;aria\",\"potentialAction\":[{\"@type\":\"SearchAction\",\"target\":{\"@type\":\"EntryPoint\",\"urlTemplate\":\"https:\/\/www.cointecsrl.it\/cms\/?s={search_term_string}\"},\"query-input\":{\"@type\":\"PropertyValueSpecification\",\"valueRequired\":true,\"valueName\":\"search_term_string\"}}],\"inLanguage\":\"it-IT\"}]}<\/script>\n<!-- \/ Yoast SEO plugin. -->","yoast_head_json":{"title":"SANIFICAZIONE CON OZONO - Cointec Srl","robots":{"index":"index","follow":"follow","max-snippet":"max-snippet:-1","max-image-preview":"max-image-preview:large","max-video-preview":"max-video-preview:-1"},"canonical":"https:\/\/www.cointecsrl.it\/cms\/servizi\/","og_locale":"it_IT","og_type":"article","og_title":"SANIFICAZIONE CON OZONO - Cointec Srl","og_description":"[vc_row][vc_column][vc_column_text]Che cos\u2019\u00e8 l\u2019Ozono? E\u2019 un gas composto da tre atomi di ossigeno(O3). Non pu\u00f2 essere conservato ma deve essere prodotto al momento dell\u2019uso. E\u2019 un energico ossidante ed \u00e8 un gas essenziale per la vita sulla terra. E\u2019 inoltre il disinfettante naturale pi\u00f9 efficace e...","og_url":"https:\/\/www.cointecsrl.it\/cms\/servizi\/","og_site_name":"Cointec Srl","article_modified_time":"2020-09-18T14:26:08+00:00","twitter_card":"summary_large_image","twitter_misc":{"Tempo di lettura stimato":"5 minuti"},"schema":{"@context":"https:\/\/schema.org","@graph":[{"@type":"WebPage","@id":"https:\/\/www.cointecsrl.it\/cms\/servizi\/","url":"https:\/\/www.cointecsrl.it\/cms\/servizi\/","name":"SANIFICAZIONE CON OZONO - Cointec Srl","isPartOf":{"@id":"https:\/\/www.cointecsrl.it\/cms\/#website"},"datePublished":"2016-05-26T13:04:55+00:00","dateModified":"2020-09-18T14:26:08+00:00","breadcrumb":{"@id":"https:\/\/www.cointecsrl.it\/cms\/servizi\/#breadcrumb"},"inLanguage":"it-IT","potentialAction":[{"@type":"ReadAction","target":["https:\/\/www.cointecsrl.it\/cms\/servizi\/"]}]},{"@type":"BreadcrumbList","@id":"https:\/\/www.cointecsrl.it\/cms\/servizi\/#breadcrumb","itemListElement":[{"@type":"ListItem","position":1,"name":"Home","item":"https:\/\/www.cointecsrl.it\/cms\/"},{"@type":"ListItem","position":2,"name":"SANIFICAZIONE CON OZONO"}]},{"@type":"WebSite","@id":"https:\/\/www.cointecsrl.it\/cms\/#website","url":"https:\/\/www.cointecsrl.it\/cms\/","name":"Cointec Srl","description":"Filtrazione e depurazione dell&#039;aria","potentialAction":[{"@type":"SearchAction","target":{"@type":"EntryPoint","urlTemplate":"https:\/\/www.cointecsrl.it\/cms\/?s={search_term_string}"},"query-input":{"@type":"PropertyValueSpecification","valueRequired":true,"valueName":"search_term_string"}}],"inLanguage":"it-IT"}]}},"_links":{"self":[{"href":"https:\/\/www.cointecsrl.it\/cms\/wp-json\/wp\/v2\/pages\/16510","targetHints":{"allow":["GET"]}}],"collection":[{"href":"https:\/\/www.cointecsrl.it\/cms\/wp-json\/wp\/v2\/pages"}],"about":[{"href":"https:\/\/www.cointecsrl.it\/cms\/wp-json\/wp\/v2\/types\/page"}],"author":[{"embeddable":true,"href":"https:\/\/www.cointecsrl.it\/cms\/wp-json\/wp\/v2\/users\/1"}],"replies":[{"embeddable":true,"href":"https:\/\/www.cointecsrl.it\/cms\/wp-json\/wp\/v2\/comments?post=16510"}],"version-history":[{"count":80,"href":"https:\/\/www.cointecsrl.it\/cms\/wp-json\/wp\/v2\/pages\/16510\/revisions"}],"predecessor-version":[{"id":17782,"href":"https:\/\/www.cointecsrl.it\/cms\/wp-json\/wp\/v2\/pages\/16510\/revisions\/17782"}],"wp:attachment":[{"href":"https:\/\/www.cointecsrl.it\/cms\/wp-json\/wp\/v2\/media?parent=16510"}],"curies":[{"name":"wp","href":"https:\/\/api.w.org\/{rel}","templated":true}]}}